{"id":3784,"date":"2025-06-06T13:33:04","date_gmt":"2025-06-06T11:33:04","guid":{"rendered":"https:\/\/blockchainfederation.ch\/?page_id=3784"},"modified":"2025-08-27T16:40:48","modified_gmt":"2025-08-27T14:40:48","slug":"blockchain-nation-switzerland","status":"publish","type":"page","link":"https:\/\/blockchainfederation.ch\/fr\/blockchain-nation-switzerland\/","title":{"rendered":"Blockchain Nation Switzerland"},"content":{"rendered":"<div  class='flex_column av-1y60hs-873c24d63020a98dc55ba29126965fb4 av_one_full  avia-builder-el-0  el_before_av_one_full  avia-builder-el-first  first flex_column_div  '     ><section  class='av_textblock_section av-mawbf3iu-90cbf19ca2124a79142c667897df69bc '   itemscope=\"itemscope\" itemtype=\"https:\/\/schema.org\/CreativeWork\" ><div class='avia_textblock'  itemprop=\"text\" ><h1><strong>Blockchain Nation Switzerland (2021\u20132024)<\/strong><\/h1>\n<\/div><\/section><\/div>\n<div  class='flex_column av-300r4w-4e12a99ba32796030352cb157fb9df7c av_one_full  avia-builder-el-2  el_after_av_one_full  el_before_av_section  avia-builder-el-last  first flex_column_div  column-top-margin'     ><section  class='av_textblock_section av-mawbfo6x-a4c6a4b3d8da9279edaa7dfe486a16fc '   itemscope=\"itemscope\" itemtype=\"https:\/\/schema.org\/CreativeWork\" ><div class='avia_textblock'  itemprop=\"text\" ><p><strong>Pilot\u00e9 par la Swiss Blockchain Federation, la Blockchain Nation Switzerland \u00e9tait un programme de soutien d\u2019Innosuisse.<\/strong><\/p>\n<p>En tant que programme national d\u00e9di\u00e9 \u00e0 la promotion de l\u2019innovation, la Blockchain Nation Switzerland a \u00e9t\u00e9 active entre 2021 et 2024 avec le soutien de l\u2019agence suisse pour la promotion de l\u2019innovation <strong>Innosuisse<\/strong> et sous la direction de la <strong>Swiss Blockchain Federation<\/strong>. L\u2019objectif \u00e9tait de renforcer la position de la Suisse en tant que centre d&rsquo;innovation dans le domaine de la blockchain et de promouvoir des id\u00e9es bas\u00e9es sur cette technologie, en s\u2019appuyant sur une \u00e9troite collaboration entre l\u2019\u00e9conomie et le monde acad\u00e9mique.<\/p>\n<\/div><\/section><\/div>\n<\/div><\/div><\/div><!-- close content main div --><\/div><\/div>\n<style type=\"text\/css\" data-created_by=\"avia_inline_auto\" id=\"style-css-av-mawbp6xs-38a2fd51e64e0b53383f2f276f5b4272\">\n.avia-section.av-mawbp6xs-38a2fd51e64e0b53383f2f276f5b4272{\nbackground-color:#ffffff;\nbackground-image:unset;\n}\n<\/style>\n<div id='av_section_1'  class='avia-section av-mawbp6xs-38a2fd51e64e0b53383f2f276f5b4272 main_color avia-section-default avia-no-border-styling  avia-builder-el-4  el_after_av_one_full  el_before_av_section  avia-bg-style-scroll container_wrap sidebar_right'  ><div class='container av-section-cont-open' ><div class='template-page content  av-content-small alpha units'><div class='post-entry post-entry-type-page post-entry-3784'><div class='entry-content-wrapper clearfix'>\n<div  class='flex_column av-39kz40-051c361e2c20b5a5b187128fc5f36a2c av_one_full  avia-builder-el-5  el_before_av_one_full  avia-builder-el-first  first flex_column_div  '     ><section  class='av_textblock_section av-mawbrss5-3dc087347140132f03ab40595da5636a '   itemscope=\"itemscope\" itemtype=\"https:\/\/schema.org\/CreativeWork\" ><div class='avia_textblock'  itemprop=\"text\" ><h2><strong>Impact et r\u00e9ussites de la Blockchain Nation Switzerland<\/strong><\/h2>\n<\/div><\/section><br \/>\n<section  class='av_textblock_section av-mawbws1u-8b8950dc576703db64ae0411dddf64df '   itemscope=\"itemscope\" itemtype=\"https:\/\/schema.org\/CreativeWork\" ><div class='avia_textblock'  itemprop=\"text\" ><ul>\n<li>Plus de 100 id\u00e9es de projets ont \u00e9merg\u00e9 de la phase <em>Challenge<\/em>, dont plus de 50 ont \u00e9t\u00e9 soutenues lors de la phase <em>Idea<\/em>.<\/li>\n<li>Plus de 20 organisations partenaires issues de l\u2019\u00e9conomie, de l\u2019administration et du monde scientifique, provenant de toutes les r\u00e9gions du pays, ont \u00e9t\u00e9 activement impliqu\u00e9es.<\/li>\n<li>Mise en place d\u2019un r\u00e9seau au sein de la communaut\u00e9 blockchain suisse.<\/li>\n<li>Contribution directe au positionnement de la Suisse en tant que pays reconnu dans le domaine de la blockchain.<\/li>\n<li>Renforcement visible de l\u2019\u00e9cosyst\u00e8me d\u2019innovation collaborative autour des technologies de registre distribu\u00e9 (Distributed Ledger Technologies).<\/li>\n<\/ul>\n<\/div><\/section><\/p><\/div><div  class='flex_column av-av_one_full-41ee899840124b6993b57a87f996c353 av_one_full  avia-builder-el-8  el_after_av_one_full  el_before_av_one_full  first flex_column_div  column-top-margin'     ><section  class='av_textblock_section av-meu2uxhp-855c295547b78f9d8b6bcc70533352a2 '   itemscope=\"itemscope\" itemtype=\"https:\/\/schema.org\/CreativeWork\" ><div class='avia_textblock'  itemprop=\"text\" ><h2><strong>Exemples s\u00e9lectionn\u00e9s de projets soutenus<\/strong><\/h2>\n<\/div><\/section><br \/>\n<section  class='av_textblock_section av-meu2xuok-eb95b091a9d0aaf7d460f5df9287fcd6 '   itemscope=\"itemscope\" itemtype=\"https:\/\/schema.org\/CreativeWork\" ><div class='avia_textblock'  itemprop=\"text\" ><ul>\n<li><strong>Chainstaff<\/strong><br \/>\nChainstaff est une plateforme bas\u00e9e sur la blockchain qui met en relation les entreprises avec des professionnels qualifi\u00e9s via un r\u00e9seau d&rsquo;utilisateurs. Elle repose sur un syst\u00e8me de recommandation et de r\u00e9compense dans lequel les offres d&#8217;emploi sont partag\u00e9es via des contacts personnels et les placements r\u00e9ussis sont r\u00e9mun\u00e9r\u00e9s. Les entreprises ont ainsi acc\u00e8s \u00e0 des talents en recherche d\u2019emploi active ou passive, tandis que le processus de recrutement est rendu plus \u00e9conomique et plus efficace. Le projet contribue \u00e0 r\u00e9duire la p\u00e9nurie de main-d&rsquo;\u0153uvre qualifi\u00e9e.<br \/>\n<a href=\"https:\/\/www.chainstaff.info\/\">En savoir plus<\/a><\/li>\n<li><strong>AELIG.art<\/strong><br \/>\nAELIG d\u00e9veloppe des cadres e-paper qui rendent les \u0153uvres d&rsquo;art num\u00e9riques et les NFT physiquement visibles tout en les reliant \u00e0 la technologie blockchain. Gr\u00e2ce \u00e0 un proc\u00e9d\u00e9 brevet\u00e9, chaque \u0153uvre d&rsquo;art est coupl\u00e9e au cadre de mani\u00e8re infalsifiable, de sorte que son authenticit\u00e9 et sa propri\u00e9t\u00e9 peuvent \u00eatre clairement prouv\u00e9es. Cette solution s&rsquo;adresse aux collectionneurs, aux artistes et aux galeries qui souhaitent d\u00e9couvrir l&rsquo;art num\u00e9rique de mani\u00e8re s\u00fbre, durable et dans un espace physique. AELIG cr\u00e9e ainsi un pont entre le monde de l&rsquo;art num\u00e9rique et le monde r\u00e9el.<br \/>\n<a href=\"https:\/\/aelig.art\/\">En savoir plus <\/a><\/li>\n<li><strong>Data Center at Home<\/strong><br \/>\nData Center at Home d\u00e9veloppe un syst\u00e8me de chauffage durable qui utilise la chaleur exc\u00e9dentaire g\u00e9n\u00e9r\u00e9e par le fonctionnement des \u00e9quipements de minage de cryptomonnaies pour chauffer les pi\u00e8ces et l&rsquo;eau. L&rsquo;\u00e9quipe propose ainsi une alternative \u00e9conomique et durable aux syst\u00e8mes de chauffage fossiles, encore largement r\u00e9pandus dans de nombreux foyers suisses. Ce mod\u00e8le permet \u00e9galement de refinancer en partie les co\u00fbts de chauffage gr\u00e2ce aux revenus g\u00e9n\u00e9r\u00e9s par le minage. L&rsquo;objectif est de r\u00e9duire consid\u00e9rablement l&rsquo;utilisation des \u00e9nergies fossiles et d&rsquo;acc\u00e9l\u00e9rer la transition vers les \u00e9nergies renouvelables.<br \/>\n<a href=\"https:\/\/www.zhaw.ch\/de\/forschung\/projekt\/74573\">En savoir plus<\/a><\/li>\n<\/ul>\n<\/div><\/section><\/p><\/div><div  class='flex_column av-6yofe8-83bf6ce249c7f32d744b0fa0c0ccd8ef av_one_full  avia-builder-el-11  el_after_av_one_full  el_before_av_one_full  first flex_column_div  column-top-margin'     ><section  class='av_textblock_section av-mawcagr4-82ce1733292745f6e96032cc92f38685 '   itemscope=\"itemscope\" itemtype=\"https:\/\/schema.org\/CreativeWork\" ><div class='avia_textblock'  itemprop=\"text\" ><h2><strong>Partenariats et r\u00e9seau<\/strong><\/h2>\n<\/div><\/section><br \/>\n<section  class='av_textblock_section av-mawcfopm-4f3adb6ea1b5dd6083958950ea24bba5 '   itemscope=\"itemscope\" itemtype=\"https:\/\/schema.org\/CreativeWork\" ><div class='avia_textblock'  itemprop=\"text\" ><p>Un facteur cl\u00e9 du succ\u00e8s de la Blockchain Nation Switzerland a \u00e9t\u00e9 la collaboration \u00e9troite avec une multitude de partenaires engag\u00e9s issus de l\u2019\u00e9conomie, de la recherche, du secteur public et de la soci\u00e9t\u00e9 civile.<\/p>\n<p><strong>Aper\u00e7u des partenaires:<\/strong><\/p>\n<ul>\n<li><a href=\"https:\/\/www.cvvc.com\/\">CV VC<\/a><\/li>\n<li><a href=\"https:\/\/www.cvlabs.com\/\">CV Labs<\/a><\/li>\n<li><a href=\"https:\/\/www.trustsquare.com\/\">Trust Square<\/a><\/li>\n<li><a href=\"https:\/\/www.storm.partners\/\">Storm Partners<\/a><\/li>\n<li><a href=\"https:\/\/decentral.house\/\">Decentral House<\/a><\/li>\n<li><a href=\"https:\/\/www.supsi.ch\/en\/home\">SUPSI \u2013 \u00c9cole universitaire professionnelle de la Suisse italienne<\/a><\/li>\n<li><a href=\"https:\/\/www.unibas.ch\/en.html\">Universit\u00e9 de B\u00e2le<\/a><\/li>\n<li><a href=\"https:\/\/www.zhaw.ch\/en\/engineering\/study\">ZHAW (Haute \u00e9cole sp\u00e9cialis\u00e9e de Zurich)<\/a><\/li>\n<\/ul>\n<\/div><\/section><\/p><\/div><div  class='flex_column av-2xng5c-6e188e30e9bf7d4d43ac49870d228a0c av_one_full  avia-builder-el-14  el_after_av_one_full  avia-builder-el-last  first flex_column_div  column-top-margin'     ><section  class='av_textblock_section av-mawciwbq-a4f11bd44f394e0d03e6114229aaafb5 '   itemscope=\"itemscope\" itemtype=\"https:\/\/schema.org\/CreativeWork\" ><div class='avia_textblock'  itemprop=\"text\" ><h2><strong>Activit\u00e9s et formats de la Blockchain Nation Switzerland<\/strong><\/h2>\n<\/div><\/section><br \/>\n<section  class='av_textblock_section av-mawckz55-3e830f0dd85121834705113c795b5055 '   itemscope=\"itemscope\" itemtype=\"https:\/\/schema.org\/CreativeWork\" ><div class='avia_textblock'  itemprop=\"text\" ><ul>\n<li><strong>Innovation Pitch Days<\/strong><br \/>\nLa Blockchain Nation Switzerland a organis\u00e9 des Pitch Days dans diff\u00e9rentes r\u00e9gions de la Suisse. Ces \u00e9v\u00e9nements ont rassembl\u00e9 chercheurs et acteurs \u00e9conomiques afin de faire avancer les id\u00e9es li\u00e9es \u00e0 la Blockchain et g\u00e9n\u00e9r\u00e9es lors des Challenges pr\u00e9c\u00e9dents. Les id\u00e9es \u00e9taient pr\u00e9sent\u00e9es \u00e0 un jury d\u2019experts compos\u00e9 de repr\u00e9sentants des partenaires de la Blockchain Nation Switzerland. Ce jury d\u00e9terminait quelles id\u00e9es avaient du potentiel et pouvaient ainsi \u00eatre test\u00e9es et d\u00e9velopp\u00e9es avec le soutien de la Blockchain Nation Switzerland.<\/li>\n<li><strong>Blockchain Hackathons<\/strong><br \/>\nLe Swiss Blockchain Hackathon \u2013 au format \u00ab\u00a0Challenge\u00a0\u00bb, \u00e0 partir duquel de nombreuses id\u00e9es ont \u00e9merg\u00e9 \u2013 a eu lieu chaque ann\u00e9e en septembre. En 2022 et 2023, le Swiss Blockchain Hackathon a \u00e9tabli un partenariat avec le plus grand hackathon d\u2019Europe, le HackZurich, auquel il a contribu\u00e9 via des challenges li\u00e9s \u00e0 la blockchain.<\/li>\n<\/ul>\n<p>La Blockchain Nation Switzerland \u00e9tait plus qu\u2019un simple programme de soutien \u2013 c\u2019\u00e9tait un catalyseur d\u2019id\u00e9es, de talents et de collaboration dans un domaine technologique d\u2019avenir.<\/p>\n<\/div><\/section><\/p><\/div><\/div><\/div><\/div><!-- close content main div --><\/div><\/div><div id='av_section_2'  class='avia-section av-b5dvr4-f99ea946837f4af5c9097688b580cf19 main_color avia-section-default avia-no-border-styling  avia-builder-el-17  el_after_av_section  avia-builder-el-last  avia-bg-style-scroll container_wrap sidebar_right'  ><div class='container av-section-cont-open' ><div class='template-page content  av-content-small alpha units'><div class='post-entry post-entry-type-page post-entry-3784'><div class='entry-content-wrapper clearfix'>\n<div  class='flex_column av-9ivtuo-1a18642d17ab996de68cbc1f28f1acda av_one_third  avia-builder-el-18  el_before_av_one_third  avia-builder-el-first  first flex_column_div  '     ><p>\n<style type=\"text\/css\" data-created_by=\"avia_inline_auto\" id=\"style-css-av-mawc4reu-8b32fe1220f7c8cef598498f69ab0659\">\n.avia-image-container.av-mawc4reu-8b32fe1220f7c8cef598498f69ab0659 img.avia_image{\nbox-shadow:none;\n}\n.avia-image-container.av-mawc4reu-8b32fe1220f7c8cef598498f69ab0659 .av-image-caption-overlay-center{\ncolor:#ffffff;\n}\n<\/style>\n<div  class='avia-image-container av-mawc4reu-8b32fe1220f7c8cef598498f69ab0659 av-styling- avia-align-center  avia-builder-el-19  el_before_av_textblock  avia-builder-el-first '   itemprop=\"image\" itemscope=\"itemscope\" itemtype=\"https:\/\/schema.org\/ImageObject\" ><div class=\"avia-image-container-inner\"><div class=\"avia-image-overlay-wrap\"><img decoding=\"async\" fetchpriority=\"high\" class='wp-image-3752 avia-img-lazy-loading-not-3752 avia_image ' src=\"https:\/\/blockchainfederation.ch\/wp-content\/uploads\/2025\/05\/Freitag_HackZurich-22_2022_zugeschnitten-scaled.jpg\" alt='' title='Freitag_HackZurich-22_2022_zugeschnitten'  height=\"1707\" width=\"2560\"  itemprop=\"thumbnailUrl\" srcset=\"https:\/\/blockchainfederation.ch\/wp-content\/uploads\/2025\/05\/Freitag_HackZurich-22_2022_zugeschnitten-scaled.jpg 2560w, https:\/\/blockchainfederation.ch\/wp-content\/uploads\/2025\/05\/Freitag_HackZurich-22_2022_zugeschnitten-300x200.jpg 300w, https:\/\/blockchainfederation.ch\/wp-content\/uploads\/2025\/05\/Freitag_HackZurich-22_2022_zugeschnitten-1030x687.jpg 1030w, https:\/\/blockchainfederation.ch\/wp-content\/uploads\/2025\/05\/Freitag_HackZurich-22_2022_zugeschnitten-740x493.jpg 740w, https:\/\/blockchainfederation.ch\/wp-content\/uploads\/2025\/05\/Freitag_HackZurich-22_2022_zugeschnitten-768x512.jpg 768w\" sizes=\"(max-width: 2560px) 100vw, 2560px\" \/><\/div><\/div><\/div><br \/>\n<section  class='av_textblock_section av-maxnlqmr-2a6719d2049124fca533ae4d0b56f1bd '   itemscope=\"itemscope\" itemtype=\"https:\/\/schema.org\/CreativeWork\" ><div class='avia_textblock'  itemprop=\"text\" ><p>Pitch Day \u00e0 Lugano<\/p>\n<\/div><\/section><\/p><\/div><div  class='flex_column av-81alow-b4d2fe4ccbeed9ddb8ac63a07b5f8eac av_one_third  avia-builder-el-21  el_after_av_one_third  el_before_av_one_third  flex_column_div  '     ><p>\n<style type=\"text\/css\" data-created_by=\"avia_inline_auto\" id=\"style-css-av-620dfk-8f6a3ef6e5d432929858361c0ad76c55\">\n.avia-image-container.av-620dfk-8f6a3ef6e5d432929858361c0ad76c55 img.avia_image{\nbox-shadow:none;\n}\n.avia-image-container.av-620dfk-8f6a3ef6e5d432929858361c0ad76c55 .av-image-caption-overlay-center{\ncolor:#ffffff;\n}\n<\/style>\n<div  class='avia-image-container av-620dfk-8f6a3ef6e5d432929858361c0ad76c55 av-styling- avia-align-center  avia-builder-el-22  el_before_av_textblock  avia-builder-el-first '   itemprop=\"image\" itemscope=\"itemscope\" itemtype=\"https:\/\/schema.org\/ImageObject\" ><div class=\"avia-image-container-inner\"><div class=\"avia-image-overlay-wrap\"><img decoding=\"async\" fetchpriority=\"high\" class='wp-image-3727 avia-img-lazy-loading-not-3727 avia_image ' src=\"https:\/\/blockchainfederation.ch\/wp-content\/uploads\/2025\/05\/Freitag_HackZurich-22_2022-1-scaled.jpg\" alt='' title='Freitag_HackZurich-22_2022'  height=\"1707\" width=\"2560\"  itemprop=\"thumbnailUrl\" srcset=\"https:\/\/blockchainfederation.ch\/wp-content\/uploads\/2025\/05\/Freitag_HackZurich-22_2022-1-scaled.jpg 2560w, https:\/\/blockchainfederation.ch\/wp-content\/uploads\/2025\/05\/Freitag_HackZurich-22_2022-1-300x200.jpg 300w, https:\/\/blockchainfederation.ch\/wp-content\/uploads\/2025\/05\/Freitag_HackZurich-22_2022-1-1030x687.jpg 1030w, https:\/\/blockchainfederation.ch\/wp-content\/uploads\/2025\/05\/Freitag_HackZurich-22_2022-1-740x493.jpg 740w, https:\/\/blockchainfederation.ch\/wp-content\/uploads\/2025\/05\/Freitag_HackZurich-22_2022-1-768x512.jpg 768w\" sizes=\"(max-width: 2560px) 100vw, 2560px\" \/><\/div><\/div><\/div><br \/>\n<section  class='av_textblock_section av-maxnmhag-335324397cd260d5e6867aa65455b785 '   itemscope=\"itemscope\" itemtype=\"https:\/\/schema.org\/CreativeWork\" ><div class='avia_textblock'  itemprop=\"text\" ><p>Swiss Blockchain Hackathon lors du HackZurich 2023<\/p>\n<\/div><\/section><\/p><\/div><div  class='flex_column av-4g294g-343a1037b26515d78c9befb31280cb85 av_one_third  avia-builder-el-24  el_after_av_one_third  avia-builder-el-last  flex_column_div  '     ><p>\n<style type=\"text\/css\" data-created_by=\"avia_inline_auto\" id=\"style-css-av-335phs-df778213ae76bb6adf721dfb52e988e6\">\n.avia-image-container.av-335phs-df778213ae76bb6adf721dfb52e988e6 img.avia_image{\nbox-shadow:none;\n}\n.avia-image-container.av-335phs-df778213ae76bb6adf721dfb52e988e6 .av-image-caption-overlay-center{\ncolor:#ffffff;\n}\n<\/style>\n<div  class='avia-image-container av-335phs-df778213ae76bb6adf721dfb52e988e6 av-styling- avia-align-center  avia-builder-el-25  el_before_av_textblock  avia-builder-el-first '   itemprop=\"image\" itemscope=\"itemscope\" itemtype=\"https:\/\/schema.org\/ImageObject\" ><div class=\"avia-image-container-inner\"><div class=\"avia-image-overlay-wrap\"><img decoding=\"async\" fetchpriority=\"high\" class='wp-image-3734 avia-img-lazy-loading-not-3734 avia_image ' src=\"https:\/\/blockchainfederation.ch\/wp-content\/uploads\/2025\/05\/Freitag_HackZurich-8_2022_klein-scaled.jpg\" alt='' title='Freitag_HackZurich-8_2022_klein'  height=\"1707\" width=\"2560\"  itemprop=\"thumbnailUrl\" srcset=\"https:\/\/blockchainfederation.ch\/wp-content\/uploads\/2025\/05\/Freitag_HackZurich-8_2022_klein-scaled.jpg 2560w, https:\/\/blockchainfederation.ch\/wp-content\/uploads\/2025\/05\/Freitag_HackZurich-8_2022_klein-300x200.jpg 300w, https:\/\/blockchainfederation.ch\/wp-content\/uploads\/2025\/05\/Freitag_HackZurich-8_2022_klein-1030x687.jpg 1030w, https:\/\/blockchainfederation.ch\/wp-content\/uploads\/2025\/05\/Freitag_HackZurich-8_2022_klein-740x493.jpg 740w, https:\/\/blockchainfederation.ch\/wp-content\/uploads\/2025\/05\/Freitag_HackZurich-8_2022_klein-768x512.jpg 768w\" sizes=\"(max-width: 2560px) 100vw, 2560px\" \/><\/div><\/div><\/div><br \/>\n<section  class='av_textblock_section av-maxnmu5h-4c540f1c8f4ca979ef19c31a71fdab4d '   itemscope=\"itemscope\" itemtype=\"https:\/\/schema.org\/CreativeWork\" ><div class='avia_textblock'  itemprop=\"text\" ><p>Public lors du HackZurich 2023<\/p>\n<\/div><\/section><\/p><\/div>\n<\/div><\/div><\/div><!-- close content main div --><\/div><\/div><div id='after_section_2'  class='main_color av_default_container_wrap container_wrap sidebar_right'  ><div class='container av-section-cont-open' ><div class='template-page content  av-content-small alpha units'><div class='post-entry post-entry-type-page post-entry-3784'><div class='entry-content-wrapper clearfix'><\/p>\n","protected":false},"excerpt":{"rendered":"","protected":false},"author":1,"featured_media":0,"parent":0,"menu_order":0,"comment_status":"closed","ping_status":"closed","template":"","meta":{"footnotes":""},"class_list":["post-3784","page","type-page","status-publish","hentry"],"yoast_head":"<!-- This site is optimized with the Yoast SEO plugin v26.2 - https:\/\/yoast.com\/wordpress\/plugins\/seo\/ -->\n<title>Blockchain Nation Switzerland - Swiss Blockchain Federation<\/title>\n<meta name=\"robots\" content=\"index, follow, max-snippet:-1, max-image-preview:large, max-video-preview:-1\" \/>\n<link rel=\"canonical\" href=\"https:\/\/blockchainfederation.ch\/fr\/blockchain-nation-switzerland\/\" \/>\n<meta property=\"og:locale\" content=\"fr_FR\" \/>\n<meta property=\"og:type\" content=\"article\" \/>\n<meta property=\"og:title\" content=\"Blockchain Nation Switzerland - Swiss Blockchain Federation\" \/>\n<meta property=\"og:url\" content=\"https:\/\/blockchainfederation.ch\/fr\/blockchain-nation-switzerland\/\" \/>\n<meta property=\"og:site_name\" content=\"Swiss Blockchain Federation\" \/>\n<meta property=\"article:modified_time\" content=\"2025-08-27T14:40:48+00:00\" \/>\n<meta name=\"twitter:card\" content=\"summary_large_image\" \/>\n<meta name=\"twitter:label1\" content=\"Dur\u00e9e de lecture estim\u00e9e\" \/>\n\t<meta name=\"twitter:data1\" content=\"5 minutes\" \/>\n<script type=\"application\/ld+json\" class=\"yoast-schema-graph\">{\"@context\":\"https:\/\/schema.org\",\"@graph\":[{\"@type\":\"WebPage\",\"@id\":\"https:\/\/blockchainfederation.ch\/fr\/blockchain-nation-switzerland\/\",\"url\":\"https:\/\/blockchainfederation.ch\/fr\/blockchain-nation-switzerland\/\",\"name\":\"Blockchain Nation Switzerland - Swiss Blockchain Federation\",\"isPartOf\":{\"@id\":\"https:\/\/blockchainfederation.ch\/#website\"},\"datePublished\":\"2025-06-06T11:33:04+00:00\",\"dateModified\":\"2025-08-27T14:40:48+00:00\",\"breadcrumb\":{\"@id\":\"https:\/\/blockchainfederation.ch\/fr\/blockchain-nation-switzerland\/#breadcrumb\"},\"inLanguage\":\"fr-FR\",\"potentialAction\":[{\"@type\":\"ReadAction\",\"target\":[\"https:\/\/blockchainfederation.ch\/fr\/blockchain-nation-switzerland\/\"]}]},{\"@type\":\"BreadcrumbList\",\"@id\":\"https:\/\/blockchainfederation.ch\/fr\/blockchain-nation-switzerland\/#breadcrumb\",\"itemListElement\":[{\"@type\":\"ListItem\",\"position\":1,\"name\":\"Startseite\",\"item\":\"https:\/\/blockchainfederation.ch\/fr\/swiss-blockchain-federation\/\"},{\"@type\":\"ListItem\",\"position\":2,\"name\":\"Blockchain Nation Switzerland\"}]},{\"@type\":\"WebSite\",\"@id\":\"https:\/\/blockchainfederation.ch\/#website\",\"url\":\"https:\/\/blockchainfederation.ch\/\",\"name\":\"Swiss Blockchain Federation\",\"description\":\"\",\"potentialAction\":[{\"@type\":\"SearchAction\",\"target\":{\"@type\":\"EntryPoint\",\"urlTemplate\":\"https:\/\/blockchainfederation.ch\/?s={search_term_string}\"},\"query-input\":{\"@type\":\"PropertyValueSpecification\",\"valueRequired\":true,\"valueName\":\"search_term_string\"}}],\"inLanguage\":\"fr-FR\"}]}<\/script>\n<!-- \/ Yoast SEO plugin. -->","yoast_head_json":{"title":"Blockchain Nation Switzerland - Swiss Blockchain Federation","robots":{"index":"index","follow":"follow","max-snippet":"max-snippet:-1","max-image-preview":"max-image-preview:large","max-video-preview":"max-video-preview:-1"},"canonical":"https:\/\/blockchainfederation.ch\/fr\/blockchain-nation-switzerland\/","og_locale":"fr_FR","og_type":"article","og_title":"Blockchain Nation Switzerland - Swiss Blockchain Federation","og_url":"https:\/\/blockchainfederation.ch\/fr\/blockchain-nation-switzerland\/","og_site_name":"Swiss Blockchain Federation","article_modified_time":"2025-08-27T14:40:48+00:00","twitter_card":"summary_large_image","twitter_misc":{"Dur\u00e9e de lecture estim\u00e9e":"5 minutes"},"schema":{"@context":"https:\/\/schema.org","@graph":[{"@type":"WebPage","@id":"https:\/\/blockchainfederation.ch\/fr\/blockchain-nation-switzerland\/","url":"https:\/\/blockchainfederation.ch\/fr\/blockchain-nation-switzerland\/","name":"Blockchain Nation Switzerland - Swiss Blockchain Federation","isPartOf":{"@id":"https:\/\/blockchainfederation.ch\/#website"},"datePublished":"2025-06-06T11:33:04+00:00","dateModified":"2025-08-27T14:40:48+00:00","breadcrumb":{"@id":"https:\/\/blockchainfederation.ch\/fr\/blockchain-nation-switzerland\/#breadcrumb"},"inLanguage":"fr-FR","potentialAction":[{"@type":"ReadAction","target":["https:\/\/blockchainfederation.ch\/fr\/blockchain-nation-switzerland\/"]}]},{"@type":"BreadcrumbList","@id":"https:\/\/blockchainfederation.ch\/fr\/blockchain-nation-switzerland\/#breadcrumb","itemListElement":[{"@type":"ListItem","position":1,"name":"Startseite","item":"https:\/\/blockchainfederation.ch\/fr\/swiss-blockchain-federation\/"},{"@type":"ListItem","position":2,"name":"Blockchain Nation Switzerland"}]},{"@type":"WebSite","@id":"https:\/\/blockchainfederation.ch\/#website","url":"https:\/\/blockchainfederation.ch\/","name":"Swiss Blockchain Federation","description":"","potentialAction":[{"@type":"SearchAction","target":{"@type":"EntryPoint","urlTemplate":"https:\/\/blockchainfederation.ch\/?s={search_term_string}"},"query-input":{"@type":"PropertyValueSpecification","valueRequired":true,"valueName":"search_term_string"}}],"inLanguage":"fr-FR"}]}},"_links":{"self":[{"href":"https:\/\/blockchainfederation.ch\/fr\/wp-json\/wp\/v2\/pages\/3784","targetHints":{"allow":["GET"]}}],"collection":[{"href":"https:\/\/blockchainfederation.ch\/fr\/wp-json\/wp\/v2\/pages"}],"about":[{"href":"https:\/\/blockchainfederation.ch\/fr\/wp-json\/wp\/v2\/types\/page"}],"author":[{"embeddable":true,"href":"https:\/\/blockchainfederation.ch\/fr\/wp-json\/wp\/v2\/users\/1"}],"replies":[{"embeddable":true,"href":"https:\/\/blockchainfederation.ch\/fr\/wp-json\/wp\/v2\/comments?post=3784"}],"version-history":[{"count":5,"href":"https:\/\/blockchainfederation.ch\/fr\/wp-json\/wp\/v2\/pages\/3784\/revisions"}],"predecessor-version":[{"id":4568,"href":"https:\/\/blockchainfederation.ch\/fr\/wp-json\/wp\/v2\/pages\/3784\/revisions\/4568"}],"wp:attachment":[{"href":"https:\/\/blockchainfederation.ch\/fr\/wp-json\/wp\/v2\/media?parent=3784"}],"curies":[{"name":"wp","href":"https:\/\/api.w.org\/{rel}","templated":true}]}}